{"id":252,"date":"2019-07-23T10:34:23","date_gmt":"2019-07-23T13:34:23","guid":{"rendered":"https:\/\/dimas.adv.br\/?page_id=252"},"modified":"2023-03-08T15:34:03","modified_gmt":"2023-03-08T18:34:03","slug":"principal","status":"publish","type":"page","link":"https:\/\/dimas.adv.br\/","title":{"rendered":"Principal"},"content":{"rendered":"<h1 class=\"vcex-module vcex-heading vcex-heading-plain vc_custom_1510971030218\"><span class=\"vcex-heading-inner clr\">CONHE\u00c7A<\/span><\/h1>\n<div class=\"wpb_text_column wpb_content_element \">\n<div class=\"wpb_wrapper\">\n<p>O S\u00f3cio Majorit\u00e1rio Dimas Salustiano, \u00e9&nbsp; advogado, possui mais de 35 anos de tradi\u00e7\u00e3o e expertise, principalmente na \u00e1rea do direito. O escrit\u00f3rio atua nas mais variadas \u00e1reas do direito, composto de um corpo jur\u00eddico altamente qualificado, liderado tamb\u00e9m pelos advogados Dr. Jean Braz, Dra. Juliana Muniz e Dr. Igor Santos.<\/p>\n<hr><\/div>\n<\/div>\n<h1 class=\"vcex-module vcex-heading vcex-heading-plain vc_custom_1510971104602\"><span class=\"vcex-heading-inner clr\">O ESCRIT\u00d3RIO<\/span><\/h1>\n<div class=\"wpb_text_column wpb_content_element \">\n<div class=\"wpb_wrapper\">\n<p>O escrit\u00f3rio <strong>DIMAS SALUSTIANO &amp;&nbsp; ADVOGADOS ASSOCIADOS<\/strong>&nbsp;presta servi\u00e7os jur\u00eddicos em assuntos contenciosos e administrativos, visando sempre a representa\u00e7\u00e3o dos interesses de seus clientes na esfera judicial e extrajudicial, com efici\u00eancia e confiabilidade, al\u00e9m de assessoria na obten\u00e7\u00e3o de financiamento imobili\u00e1rio.<\/p>\n<p>Com intuito de oferecer a seus clientes a melhor assessoria, sempre focado na m\u00e1xima prote\u00e7\u00e3o de seus interesses atrav\u00e9s de solu\u00e7\u00f5es r\u00e1pidas, criativas e eficientes, o escrit\u00f3rio busca a excel\u00eancia no trabalho desenvolvido, e possui como princ\u00edpios b\u00e1sicos a \u00e9tica e o atendimento diferenciado.<\/p>\n<\/div>\n<\/div>\n<div class=\"vcex-spacing\">&nbsp;<\/div>\n<div>&nbsp;<\/div>\n\n<div class=\"nta_wa_button\" data-id=\"2733\" data-info=\"{&quot;name&quot;:&quot;Dimas Whatsapp&quot;,&quot;info&quot;:{&quot;number&quot;:&quot;+5598984012048&quot;,&quot;title&quot;:&quot;&quot;,&quot;predefinedText&quot;:&quot;&quot;,&quot;willBeBackText&quot;:&quot;I will be back in [njwa_time_work]&quot;,&quot;dayOffsText&quot;:&quot;I will be back soon&quot;,&quot;isAlwaysAvailable&quot;:&quot;ON&quot;,&quot;daysOfWeekWorking&quot;:{&quot;sunday&quot;:{&quot;isWorkingOnDay&quot;:&quot;OFF&quot;,&quot;workHours&quot;:[{&quot;startTime&quot;:&quot;08:00&quot;,&quot;endTime&quot;:&quot;17:30&quot;}]},&quot;monday&quot;:{&quot;isWorkingOnDay&quot;:&quot;OFF&quot;,&quot;workHours&quot;:[{&quot;startTime&quot;:&quot;08:00&quot;,&quot;endTime&quot;:&quot;17:30&quot;}]},&quot;tuesday&quot;:{&quot;isWorkingOnDay&quot;:&quot;OFF&quot;,&quot;workHours&quot;:[{&quot;startTime&quot;:&quot;08:00&quot;,&quot;endTime&quot;:&quot;17:30&quot;}]},&quot;wednesday&quot;:{&quot;isWorkingOnDay&quot;:&quot;OFF&quot;,&quot;workHours&quot;:[{&quot;startTime&quot;:&quot;08:00&quot;,&quot;endTime&quot;:&quot;17:30&quot;}]},&quot;thursday&quot;:{&quot;isWorkingOnDay&quot;:&quot;OFF&quot;,&quot;workHours&quot;:[{&quot;startTime&quot;:&quot;08:00&quot;,&quot;endTime&quot;:&quot;17:30&quot;}]},&quot;friday&quot;:{&quot;isWorkingOnDay&quot;:&quot;OFF&quot;,&quot;workHours&quot;:[{&quot;startTime&quot;:&quot;08:00&quot;,&quot;endTime&quot;:&quot;17:30&quot;}]},&quot;saturday&quot;:{&quot;isWorkingOnDay&quot;:&quot;OFF&quot;,&quot;workHours&quot;:[{&quot;startTime&quot;:&quot;08:00&quot;,&quot;endTime&quot;:&quot;17:30&quot;}]}}},&quot;styles&quot;:{&quot;type&quot;:&quot;round&quot;,&quot;backgroundColor&quot;:&quot;#2DB742&quot;,&quot;textColor&quot;:&quot;#fff&quot;,&quot;label&quot;:&quot;Posso Ajudar?&quot;,&quot;width&quot;:300,&quot;height&quot;:64},&quot;avatar&quot;:false,&quot;options&quot;:{&quot;display&quot;:{&quot;displayCondition&quot;:&quot;includePages&quot;,&quot;includePages&quot;:[&quot;252&quot;,&quot;314&quot;,&quot;322&quot;,&quot;328&quot;,&quot;337&quot;,&quot;343&quot;,&quot;374&quot;,&quot;494&quot;,&quot;571&quot;,&quot;599&quot;,&quot;639&quot;,&quot;659&quot;,&quot;661&quot;,&quot;663&quot;,&quot;694&quot;,&quot;705&quot;,&quot;782&quot;,&quot;797&quot;,&quot;974&quot;,&quot;1564&quot;,&quot;1688&quot;,&quot;2524&quot;,&quot;2803&quot;],&quot;excludePages&quot;:[&quot;252&quot;],&quot;includePosts&quot;:[],&quot;showOnDesktop&quot;:&quot;ON&quot;,&quot;showOnMobile&quot;:&quot;ON&quot;,&quot;time_symbols&quot;:&quot;h:m&quot;},&quot;styles&quot;:{&quot;title&quot;:&quot;Come\\u00e7ar conversa!&quot;,&quot;responseText&quot;:&quot;A equipe normalmente responde em minutos.&quot;,&quot;description&quot;:&quot;Ol\\u00e1! Clique abaixo para conversar no&lt;strong&gt; Whatsapp&lt;\\\/strong&gt;&quot;,&quot;backgroundColor&quot;:&quot;#2db742&quot;,&quot;textColor&quot;:&quot;#fff&quot;,&quot;scrollHeight&quot;:&quot;500&quot;,&quot;isShowScroll&quot;:&quot;OFF&quot;,&quot;isShowResponseText&quot;:&quot;OFF&quot;,&quot;isShowPoweredBy&quot;:&quot;ON&quot;,&quot;btnLabel&quot;:&quot;Podemos Ajudar ? &lt;strong&gt; Fale Conosco&lt;\\\/strong&gt;&quot;,&quot;btnLabelWidth&quot;:&quot;127&quot;,&quot;btnPosition&quot;:&quot;right&quot;,&quot;btnLeftDistance&quot;:&quot;30&quot;,&quot;btnRightDistance&quot;:&quot;21&quot;,&quot;btnBottomDistance&quot;:&quot;129&quot;,&quot;isShowBtnLabel&quot;:&quot;OFF&quot;,&quot;isShowGDPR&quot;:&quot;OFF&quot;,&quot;gdprContent&quot;:&quot;Please accept our &lt;a href=\\&quot;https:\\\/\\\/ninjateam.org\\\/privacy-policy\\\/\\&quot;&gt;privacy policy&lt;\\\/a&gt; first to start a conversation.&quot;},&quot;analytics&quot;:{&quot;enabledGoogle&quot;:&quot;OFF&quot;,&quot;enabledFacebook&quot;:&quot;OFF&quot;,&quot;enabledGoogleGA4&quot;:&quot;OFF&quot;}},&quot;gdprStatus&quot;:false,&quot;defaultAvatar&quot;:&quot;https:\\\/\\\/dimas.adv.br\\\/wp-content\\\/plugins\\\/wp-whatsapp\\\/assets\\\/img\\\/whatsapp_logo.svg&quot;}\"><\/div>\n","protected":false},"excerpt":{"rendered":"<p>CONHE\u00c7A O S\u00f3cio Majorit\u00e1rio Dimas Salustiano, \u00e9&nbsp; advogado, possui mais de 35 anos de tradi\u00e7\u00e3o e expertise, principalmente na \u00e1rea do direito. O escrit\u00f3rio atua nas mais variadas \u00e1reas do direito, composto de um corpo jur\u00eddico altamente qualificado, liderado tamb\u00e9m pelos advogados Dr. Jean Braz, Dra. Juliana Muniz e Dr. Igor Santos. O ESCRIT\u00d3RIO O [&hellip;]<\/p>\n","protected":false},"author":1,"featured_media":0,"parent":0,"menu_order":0,"comment_status":"closed","ping_status":"closed","template":"","meta":{"ngg_post_thumbnail":0,"footnotes":""},"class_list":["post-252","page","type-page","status-publish","hentry"],"_links":{"self":[{"href":"https:\/\/dimas.adv.br\/index.php\/wp-json\/wp\/v2\/pages\/252","targetHints":{"allow":["GET"]}}],"collection":[{"href":"https:\/\/dimas.adv.br\/index.php\/wp-json\/wp\/v2\/pages"}],"about":[{"href":"https:\/\/dimas.adv.br\/index.php\/wp-json\/wp\/v2\/types\/page"}],"author":[{"embeddable":true,"href":"https:\/\/dimas.adv.br\/index.php\/wp-json\/wp\/v2\/users\/1"}],"replies":[{"embeddable":true,"href":"https:\/\/dimas.adv.br\/index.php\/wp-json\/wp\/v2\/comments?post=252"}],"version-history":[{"count":0,"href":"https:\/\/dimas.adv.br\/index.php\/wp-json\/wp\/v2\/pages\/252\/revisions"}],"wp:attachment":[{"href":"https:\/\/dimas.adv.br\/index.php\/wp-json\/wp\/v2\/media?parent=252"}],"curies":[{"name":"wp","href":"https:\/\/api.w.org\/{rel}","templated":true}]}}