{"id":2610,"date":"2023-02-08T15:14:19","date_gmt":"2023-02-08T18:14:19","guid":{"rendered":"https:\/\/dimas.adv.br\/index.php\/termos-e-condicoes\/"},"modified":"2023-02-08T15:14:19","modified_gmt":"2023-02-08T18:14:19","slug":"termos-e-condicoes","status":"publish","type":"page","link":"https:\/\/dimas.adv.br\/index.php\/termos-e-condicoes\/","title":{"rendered":"Termos e Condi\u00e7\u00f5es"},"content":{"rendered":"<p>INFORME AQUI OS TERMOS E CONDI\u00c7\u00d5ES DO SEU SITE<\/p>\n","protected":false},"excerpt":{"rendered":"<p>INFORME AQUI OS TERMOS E CONDI\u00c7\u00d5ES DO SEU SITE<\/p>\n","protected":false},"author":1,"featured_media":0,"parent":0,"menu_order":0,"comment_status":"closed","ping_status":"closed","template":"","meta":{"ngg_post_thumbnail":0,"footnotes":""},"class_list":["post-2610","page","type-page","status-publish","hentry"],"_links":{"self":[{"href":"https:\/\/dimas.adv.br\/index.php\/wp-json\/wp\/v2\/pages\/2610","targetHints":{"allow":["GET"]}}],"collection":[{"href":"https:\/\/dimas.adv.br\/index.php\/wp-json\/wp\/v2\/pages"}],"about":[{"href":"https:\/\/dimas.adv.br\/index.php\/wp-json\/wp\/v2\/types\/page"}],"author":[{"embeddable":true,"href":"https:\/\/dimas.adv.br\/index.php\/wp-json\/wp\/v2\/users\/1"}],"replies":[{"embeddable":true,"href":"https:\/\/dimas.adv.br\/index.php\/wp-json\/wp\/v2\/comments?post=2610"}],"version-history":[{"count":0,"href":"https:\/\/dimas.adv.br\/index.php\/wp-json\/wp\/v2\/pages\/2610\/revisions"}],"wp:attachment":[{"href":"https:\/\/dimas.adv.br\/index.php\/wp-json\/wp\/v2\/media?parent=2610"}],"curies":[{"name":"wp","href":"https:\/\/api.w.org\/{rel}","templated":true}]}}