{"id":326,"date":"2019-07-24T19:25:52","date_gmt":"2019-07-24T22:25:52","guid":{"rendered":"https:\/\/dimas.adv.br\/?page_id=326"},"modified":"2023-03-08T14:46:28","modified_gmt":"2023-03-08T17:46:28","slug":"civel","status":"publish","type":"page","link":"https:\/\/dimas.adv.br\/index.php\/civel\/","title":{"rendered":"C\u00edvel"},"content":{"rendered":"<p style=\"text-align: justify;\">O MARCELO TOSTES ADVOGADOS destaca-se na presta\u00e7\u00e3o de servi\u00e7os de acompanhamento, patroc\u00ednio e defesa de a\u00e7\u00f5es judiciais e procedimentos administrativos das mais diversas esp\u00e9cies relacionadas ao Direito Civil e Empresarial, na esfera nacional, com atua\u00e7\u00e3o plena em todo tipo de demanda.<\/p>\n<p style=\"text-align: justify;\">A equipe de advogados especializados presta constante consultoria e assessoria jur\u00eddica aos seus clientes, tanto nas quest\u00f5es do dia-a-dia quanto em situa\u00e7\u00f5es mais complexas, mediante elabora\u00e7\u00e3o de pareceres, notas t\u00e9cnicas, resposta a consultas, etc., elaborando ainda, relat\u00f3rios mensais para gerenciamento de conting\u00eancias, com os devidos progn\u00f3sticos de \u00eaxito\/risco, em parceria com os departamentos jur\u00eddicos e financeiros internos das empresas. A equipe tamb\u00e9m desenvolve indicadores e relat\u00f3rios gerenciais.<\/p>\n<p style=\"text-align: justify;\">Al\u00e9m disso, promove treinamentos junto aos clientes sobre temas que envolvem suas atividades empresariais, visando aperfei\u00e7oar seus procedimentos internos, prevenir novas demandas e treinar prepostos e gestores.<\/p>\n","protected":false},"excerpt":{"rendered":"<p>O MARCELO TOSTES ADVOGADOS destaca-se na presta\u00e7\u00e3o de servi\u00e7os de acompanhamento, patroc\u00ednio e defesa de a\u00e7\u00f5es judiciais e procedimentos administrativos das mais diversas esp\u00e9cies relacionadas ao Direito Civil e Empresarial, na esfera nacional, com atua\u00e7\u00e3o plena em todo tipo de demanda. A equipe de advogados especializados presta constante consultoria e assessoria jur\u00eddica aos seus clientes, [&hellip;]<\/p>\n","protected":false},"author":1,"featured_media":0,"parent":0,"menu_order":0,"comment_status":"closed","ping_status":"closed","template":"","meta":{"ngg_post_thumbnail":0,"footnotes":""},"class_list":["post-326","page","type-page","status-publish","hentry"],"_links":{"self":[{"href":"https:\/\/dimas.adv.br\/index.php\/wp-json\/wp\/v2\/pages\/326","targetHints":{"allow":["GET"]}}],"collection":[{"href":"https:\/\/dimas.adv.br\/index.php\/wp-json\/wp\/v2\/pages"}],"about":[{"href":"https:\/\/dimas.adv.br\/index.php\/wp-json\/wp\/v2\/types\/page"}],"author":[{"embeddable":true,"href":"https:\/\/dimas.adv.br\/index.php\/wp-json\/wp\/v2\/users\/1"}],"replies":[{"embeddable":true,"href":"https:\/\/dimas.adv.br\/index.php\/wp-json\/wp\/v2\/comments?post=326"}],"version-history":[{"count":0,"href":"https:\/\/dimas.adv.br\/index.php\/wp-json\/wp\/v2\/pages\/326\/revisions"}],"wp:attachment":[{"href":"https:\/\/dimas.adv.br\/index.php\/wp-json\/wp\/v2\/media?parent=326"}],"curies":[{"name":"wp","href":"https:\/\/api.w.org\/{rel}","templated":true}]}}