{"id":374,"date":"2019-07-24T20:57:55","date_gmt":"2019-07-24T23:57:55","guid":{"rendered":"https:\/\/dimas.adv.br\/?page_id=374"},"modified":"2019-08-04T10:59:21","modified_gmt":"2019-08-04T13:59:21","slug":"somos","status":"publish","type":"page","link":"https:\/\/dimas.adv.br\/index.php\/somos\/","title":{"rendered":"Sobre o Escrit\u00f3rio"},"content":{"rendered":"<h3 class=\"vcex-module vcex-heading vcex-heading-plain vc_custom_1510971030218\" style=\"text-align: justify;\"><span class=\"vcex-heading-inner clr\">CONHE\u00c7A<\/span><\/h3>\n<hr>\n<div class=\"wpb_text_column wpb_content_element \" style=\"text-align: justify;\">\n<div class=\"wpb_wrapper\">\n<p><img decoding=\"async\" class=\"wp-image-381 alignleft\" src=\"https:\/\/dimas.adv.br\/wp-content\/uploads\/2019\/07\/dimasbiblio-300x168.jpeg\" alt=\"\" width=\"232\" height=\"130\" srcset=\"https:\/\/dimas.adv.br\/wp-content\/uploads\/2019\/07\/dimasbiblio.jpeg 300w, https:\/\/dimas.adv.br\/wp-content\/uploads\/2019\/07\/dimasbiblio-50x28.jpeg 50w\" sizes=\"(max-width: 232px) 100vw, 232px\" \/>Dimas Salustiano da Silva &#8211; S\u00f3cio e Representante Legal da DS NEG\u00d3CIOSS E PARTICIPA\u00c7\u00d5ES, possui gradua\u00e7\u00e3o em Direito pela Universidade Federal do Maranh\u00e3o (1990), Mestrado em Direito do Estado pela Universidade Federal do Paran\u00e1 (1996), Doutorando em Direito Constitucional pela PUC-SP e est\u00e1 vinculado ao Doutorado no Programa \u201cEstado del Derecho e Gobernanza Global\u201d da Universidade de Salamanca\/Espanha. Atualmente \u00e9 Professor Assistente da Universidade Federal do Maranh\u00e3o, Advogado (OAB-MA 3.830), foi Fundador da Faculdade S\u00e3o Luis, foi Fundador da UNISULMA (Imperatriz), e, \u00e9 Membro da Comiss\u00e3o Nacional de Estudos Constitucionais do Conselho Federal da OAB. Tem experi\u00eancia na \u00e1rea de Direito, com \u00eanfase em Direito Constitucional, Direito Administrativo, Direito Ambiental e Direito Urban\u00edstico &#8211; Atuando principalmente nos seguintes temas: constitui\u00e7\u00e3o, direito \u00e9tnico, direitos meta individuais e acesso \u00e0 justi\u00e7a, hermen\u00eautica jur\u00eddica e hist\u00f3ria do direito.<\/p>\n<\/div>\n<\/div>\n<h3 class=\"vcex-module vcex-heading vcex-heading-plain vc_custom_1510971104602\" style=\"text-align: justify;\"><span class=\"vcex-heading-inner clr\">O ESCRIT\u00d3RIO<\/span><\/h3>\n<hr>\n<div class=\"wpb_text_column wpb_content_element \">\n<div class=\"wpb_wrapper\">\n<p style=\"text-align: justify;\">O escrit\u00f3rio <strong>DIMAS SALUSTIANO <\/strong>&nbsp;presta servi\u00e7os jur\u00eddicos em assuntos contenciosos e administrativos, visando sempre a representa\u00e7\u00e3o dos interesses de seus clientes na esfera judicial e extrajudicial, com efici\u00eancia e confiabilidade, al\u00e9m de assessoria na obten\u00e7\u00e3o de financiamento imobili\u00e1rio.<\/p>\n<p style=\"text-align: justify;\">Com intuito de oferecer a seus clientes a melhor assessoria, sempre focado na m\u00e1xima prote\u00e7\u00e3o de seus interesses atrav\u00e9s de solu\u00e7\u00f5es r\u00e1pidas, criativas e eficientes, o escrit\u00f3rio busca a excel\u00eancia no trabalho desenvolvido, e possui como princ\u00edpios b\u00e1sicos a \u00e9tica e o atendimento diferenciado.<\/p>\n<div class=\"row mb-4\">\n<div class=\"col-md-12\">\n<div class=\"vc_row wpb_row vc_inner vc_row-fluid vc_custom_1555161469622\">\n<div class=\"wpb_column vc_column_container vc_col-sm-6\">\n<div class=\"vc_column-inner\">\n<div class=\"wpb_wrapper\">\n<div class=\"wpb_text_column wpb_content_element \">\n<div class=\"wpb_wrapper\">\n<p style=\"text-align: justify;\">Com o suporte tecnol\u00f3gico, podemos atender o cliente de qualquer lugar do planeta, sem prescindir do contato f\u00edsico, para atingir o objetivo final que \u00e9 sanar a dor do cliente, sempre sob a \u00f3tica customizada das necessidades de cada um.<\/p>\n<h3 class=\"vcex-module vcex-heading vcex-heading-plain vc_custom_1510971104602\" style=\"text-align: justify;\"><span class=\"vcex-heading-inner clr\">O QUE FAZ DO DIMAS ADVOCACIA UM ESCRIT\u00d3RIO INOVADOR?<\/span><\/h3>\n<hr>\n<ul>\n<li class=\"vcex-module vcex-heading vcex-heading-plain vc_custom_1510971104602\" style=\"text-align: justify;\">Repensamos caminhos para o crescimento do cliente<\/li>\n<li class=\"vcex-module vcex-heading vcex-heading-plain vc_custom_1510971104602\" style=\"text-align: justify;\">Desenvolvimento tecnol\u00f3gico interno<\/li>\n<li class=\"vcex-module vcex-heading vcex-heading-plain vc_custom_1510971104602\" style=\"text-align: justify;\">Seguran\u00e7a da Informa\u00e7\u00e3o<\/li>\n<li class=\"vcex-module vcex-heading vcex-heading-plain vc_custom_1510971104602\" style=\"text-align: justify;\">Profissionais multidisciplinares<\/li>\n<li class=\"vcex-module vcex-heading vcex-heading-plain vc_custom_1510971104602\" style=\"text-align: justify;\">Lawtechs, Startups e Softwares pr\u00f3prios<\/li>\n<li class=\"vcex-module vcex-heading vcex-heading-plain vc_custom_1510971104602\" style=\"text-align: justify;\">Ambiente acolhedor \u2013 Diversidade<\/li>\n<li class=\"vcex-module vcex-heading vcex-heading-plain vc_custom_1510971104602\" style=\"text-align: justify;\">Atua\u00e7\u00e3o nacional e internacional<\/li>\n<li class=\"vcex-module vcex-heading vcex-heading-plain vc_custom_1510971104602\" style=\"text-align: justify;\">M\u00e9tricas e indicadores de alta performance personalizada<\/li>\n<li class=\"vcex-module vcex-heading vcex-heading-plain vc_custom_1510971104602\" style=\"text-align: justify;\">Refer\u00eancia na presta\u00e7\u00e3o de servi\u00e7os jur\u00eddicos<\/li>\n<li class=\"vcex-module vcex-heading vcex-heading-plain vc_custom_1510971104602\" style=\"text-align: justify;\">Forma\u00e7\u00e3o de novos talentos, qualifica\u00e7\u00e3o e desenvolvimento humano<\/li>\n<li class=\"vcex-module vcex-heading vcex-heading-plain vc_custom_1510971104602\" style=\"text-align: justify;\">Escrit\u00f3rio Full Service<\/li>\n<\/ul>\n<\/div>\n<\/div>\n<\/div>\n<\/div>\n<\/div>\n<\/div>\n<\/div>\n<\/div>\n<\/div>\n<\/div>\n<div class=\"vcex-spacing\">&nbsp;<\/div>\n\n\n<p><\/p>\n","protected":false},"excerpt":{"rendered":"<p>CONHE\u00c7A Dimas Salustiano da Silva &#8211; S\u00f3cio e Representante Legal da DS NEG\u00d3CIOSS E PARTICIPA\u00c7\u00d5ES, possui gradua\u00e7\u00e3o em Direito pela Universidade Federal do Maranh\u00e3o (1990), Mestrado em Direito do Estado pela Universidade Federal do Paran\u00e1 (1996), Doutorando em Direito Constitucional pela PUC-SP e est\u00e1 vinculado ao Doutorado no Programa \u201cEstado del Derecho e Gobernanza Global\u201d [&hellip;]<\/p>\n","protected":false},"author":1,"featured_media":0,"parent":0,"menu_order":0,"comment_status":"closed","ping_status":"closed","template":"","meta":{"ngg_post_thumbnail":0,"footnotes":""},"class_list":["post-374","page","type-page","status-publish","hentry"],"_links":{"self":[{"href":"https:\/\/dimas.adv.br\/index.php\/wp-json\/wp\/v2\/pages\/374","targetHints":{"allow":["GET"]}}],"collection":[{"href":"https:\/\/dimas.adv.br\/index.php\/wp-json\/wp\/v2\/pages"}],"about":[{"href":"https:\/\/dimas.adv.br\/index.php\/wp-json\/wp\/v2\/types\/page"}],"author":[{"embeddable":true,"href":"https:\/\/dimas.adv.br\/index.php\/wp-json\/wp\/v2\/users\/1"}],"replies":[{"embeddable":true,"href":"https:\/\/dimas.adv.br\/index.php\/wp-json\/wp\/v2\/comments?post=374"}],"version-history":[{"count":0,"href":"https:\/\/dimas.adv.br\/index.php\/wp-json\/wp\/v2\/pages\/374\/revisions"}],"wp:attachment":[{"href":"https:\/\/dimas.adv.br\/index.php\/wp-json\/wp\/v2\/media?parent=374"}],"curies":[{"name":"wp","href":"https:\/\/api.w.org\/{rel}","templated":true}]}}