{"id":639,"date":"2019-08-02T20:08:07","date_gmt":"2019-08-02T23:08:07","guid":{"rendered":"https:\/\/dimas.adv.br\/?page_id=639"},"modified":"2022-09-16T15:59:31","modified_gmt":"2022-09-16T18:59:31","slug":"missao-visao-e-valores","status":"publish","type":"page","link":"https:\/\/dimas.adv.br\/index.php\/missao-visao-e-valores\/","title":{"rendered":"Miss\u00e3o, Vis\u00e3o e Valores"},"content":{"rendered":"<article>\n<div class=\"large-11 columns\">\n<div class=\"mvv\">\n<p style=\"text-align: justify;\">Dimas Advocacia nasceu por uma iniciativa do Advogado Dimas Salustiano, tendo como objetivo harmonizar o mundo Jur\u00eddico com algumas premissas: A personalidade do atendimento ao cliente, concatenando com o avan\u00e7o da tecnologia e a organiza\u00e7\u00e3o. Al\u00e9m da Agilidade, idoneidade, efici\u00eancia, confian\u00e7a e sigilo.<\/p>\n<h2 style=\"text-align: justify;\">Miss\u00e3o<\/h2>\n<hr \/>\n<p style=\"text-align: justify;\">Prestar servi\u00e7os de advocacia para pessoas f\u00edsicas e jur\u00eddicas em todo o Brasil, com tecnologia, transpar\u00eancia e zelo no atendimento personalizado.<\/p>\n<h2 style=\"text-align: justify;\">Vis\u00e3o<\/h2>\n<hr \/>\n<p style=\"text-align: justify;\">Estar entre os maiores escrit\u00f3rios de advocacia do Nordeste com reconhecimento nacional pela qualidade dos servi\u00e7os prestados.<\/p>\n<h2 style=\"text-align: justify;\">Valores<\/h2>\n<hr \/>\n<ul>\n<li style=\"text-align: justify;\">Satisfa\u00e7\u00e3o do Cliente;<\/li>\n<li style=\"text-align: justify;\">\u00c9tica e Transpar\u00eancia;<\/li>\n<li style=\"text-align: justify;\">Bem Estar e Autonomia;<\/li>\n<li style=\"text-align: justify;\">Resultados Consistentes.<\/li>\n<\/ul>\n<\/div>\n<\/div>\n<h2>Recomenda\u00e7\u00f5es<\/h2>\n<hr \/>\n<p><a href=\"https:\/\/dimas.adv.br\/wp-content\/uploads\/2022\/09\/Recomendac\u0327a\u0303o-CNJ-134_2022-Precedentes.pdf\">Recomendac\u0327a\u0303o CNJ 134_2022 &#8211; Precedentes<\/a><\/p>\n<\/article>\n","protected":false},"excerpt":{"rendered":"<p>Dimas Advocacia nasceu por uma iniciativa do Advogado Dimas Salustiano, tendo como objetivo harmonizar o mundo Jur\u00eddico com algumas premissas: A personalidade do atendimento ao cliente, concatenando com o avan\u00e7o da tecnologia e a organiza\u00e7\u00e3o. Al\u00e9m da Agilidade, idoneidade, efici\u00eancia, confian\u00e7a e sigilo. Miss\u00e3o Prestar servi\u00e7os de advocacia para pessoas f\u00edsicas e jur\u00eddicas em todo [&hellip;]<\/p>\n","protected":false},"author":1,"featured_media":0,"parent":0,"menu_order":0,"comment_status":"closed","ping_status":"closed","template":"","meta":{"ngg_post_thumbnail":0,"footnotes":""},"class_list":["post-639","page","type-page","status-publish","hentry"],"_links":{"self":[{"href":"https:\/\/dimas.adv.br\/index.php\/wp-json\/wp\/v2\/pages\/639","targetHints":{"allow":["GET"]}}],"collection":[{"href":"https:\/\/dimas.adv.br\/index.php\/wp-json\/wp\/v2\/pages"}],"about":[{"href":"https:\/\/dimas.adv.br\/index.php\/wp-json\/wp\/v2\/types\/page"}],"author":[{"embeddable":true,"href":"https:\/\/dimas.adv.br\/index.php\/wp-json\/wp\/v2\/users\/1"}],"replies":[{"embeddable":true,"href":"https:\/\/dimas.adv.br\/index.php\/wp-json\/wp\/v2\/comments?post=639"}],"version-history":[{"count":0,"href":"https:\/\/dimas.adv.br\/index.php\/wp-json\/wp\/v2\/pages\/639\/revisions"}],"wp:attachment":[{"href":"https:\/\/dimas.adv.br\/index.php\/wp-json\/wp\/v2\/media?parent=639"}],"curies":[{"name":"wp","href":"https:\/\/api.w.org\/{rel}","templated":true}]}}