{"id":663,"date":"2019-08-02T20:46:21","date_gmt":"2019-08-02T23:46:21","guid":{"rendered":"https:\/\/dimas.adv.br\/?page_id=663"},"modified":"2023-03-30T16:01:47","modified_gmt":"2023-03-30T19:01:47","slug":"valores","status":"publish","type":"page","link":"https:\/\/dimas.adv.br\/index.php\/valores\/","title":{"rendered":"VALORES"},"content":{"rendered":"<p style=\"text-align: center;\">Satisfa\u00e7\u00e3o do Cliente;&nbsp; \u00c9tica e Transpar\u00eancia;&nbsp;Resultados Satisfat\u00f3rios.<\/p>\n","protected":false},"excerpt":{"rendered":"<p>Satisfa\u00e7\u00e3o do Cliente;&nbsp; \u00c9tica e Transpar\u00eancia;&nbsp;Resultados Satisfat\u00f3rios.<\/p>\n","protected":false},"author":1,"featured_media":0,"parent":0,"menu_order":0,"comment_status":"closed","ping_status":"closed","template":"","meta":{"ngg_post_thumbnail":0,"footnotes":""},"class_list":["post-663","page","type-page","status-publish","hentry"],"_links":{"self":[{"href":"https:\/\/dimas.adv.br\/index.php\/wp-json\/wp\/v2\/pages\/663","targetHints":{"allow":["GET"]}}],"collection":[{"href":"https:\/\/dimas.adv.br\/index.php\/wp-json\/wp\/v2\/pages"}],"about":[{"href":"https:\/\/dimas.adv.br\/index.php\/wp-json\/wp\/v2\/types\/page"}],"author":[{"embeddable":true,"href":"https:\/\/dimas.adv.br\/index.php\/wp-json\/wp\/v2\/users\/1"}],"replies":[{"embeddable":true,"href":"https:\/\/dimas.adv.br\/index.php\/wp-json\/wp\/v2\/comments?post=663"}],"version-history":[{"count":0,"href":"https:\/\/dimas.adv.br\/index.php\/wp-json\/wp\/v2\/pages\/663\/revisions"}],"wp:attachment":[{"href":"https:\/\/dimas.adv.br\/index.php\/wp-json\/wp\/v2\/media?parent=663"}],"curies":[{"name":"wp","href":"https:\/\/api.w.org\/{rel}","templated":true}]}}