{"id":701,"date":"2019-08-05T20:20:18","date_gmt":"2019-08-05T23:20:18","guid":{"rendered":"https:\/\/dimas.adv.br\/?page_id=701"},"modified":"2019-08-05T20:20:18","modified_gmt":"2019-08-05T23:20:18","slug":"urbanistico","status":"publish","type":"page","link":"https:\/\/dimas.adv.br\/index.php\/urbanistico\/","title":{"rendered":"Urban\u00edstico"},"content":{"rendered":"<p style=\"text-align: justify;\" align=\"justify\">O escrit\u00f3rio tamb\u00e9m atua com primor em demandas oriundas da seara urban\u00edstica. Dentre os principais servi\u00e7os prestados pelo Dimas Advogados podemos citar:<\/p>\n<p style=\"text-align: justify;\">Assessoria \u00e0 implanta\u00e7\u00e3o de empreendimentos em acordo com as normas urban\u00edsticas locais;<\/p>\n<p style=\"text-align: justify;\">Ger\u00eancia de projetos urban\u00edsticos em tr\u00e2mite, inclusive com desembara\u00e7o de quest\u00f5es espec\u00edficas junto aos \u00f3rg\u00e3os municipais;<\/p>\n<p style=\"text-align: justify;\">Elabora\u00e7\u00e3o e assessoria de projetos de parcelamento do solo urbano e rural;<\/p>\n<p style=\"text-align: justify;\">Assessoria aos Poderes Executivo e Legislativo para a concep\u00e7\u00e3o, revis\u00e3o e implementa\u00e7\u00e3o de legisla\u00e7\u00e3o urban\u00edstica;<\/p>\n<p style=\"text-align: justify;\">Elabora\u00e7\u00e3o de pareceres e memorandos jur\u00eddicos envolvendo legisla\u00e7\u00e3o urban\u00edstica, planos de urbaniza\u00e7\u00e3o, uso e parcelamento do solo, zoneamento, mobilidade urbana, \u00e1reas de risco, unidades de conserva\u00e7\u00e3o, dentro outros;<\/p>\n","protected":false},"excerpt":{"rendered":"<p>O escrit\u00f3rio tamb\u00e9m atua com primor em demandas oriundas da seara urban\u00edstica. Dentre os principais servi\u00e7os prestados pelo Dimas Advogados podemos citar: Assessoria \u00e0 implanta\u00e7\u00e3o de empreendimentos em acordo com as normas urban\u00edsticas locais; Ger\u00eancia de projetos urban\u00edsticos em tr\u00e2mite, inclusive com desembara\u00e7o de quest\u00f5es espec\u00edficas junto aos \u00f3rg\u00e3os municipais; Elabora\u00e7\u00e3o e assessoria de projetos [&hellip;]<\/p>\n","protected":false},"author":1,"featured_media":0,"parent":0,"menu_order":0,"comment_status":"closed","ping_status":"closed","template":"","meta":{"ngg_post_thumbnail":0,"footnotes":""},"class_list":["post-701","page","type-page","status-publish","hentry"],"_links":{"self":[{"href":"https:\/\/dimas.adv.br\/index.php\/wp-json\/wp\/v2\/pages\/701","targetHints":{"allow":["GET"]}}],"collection":[{"href":"https:\/\/dimas.adv.br\/index.php\/wp-json\/wp\/v2\/pages"}],"about":[{"href":"https:\/\/dimas.adv.br\/index.php\/wp-json\/wp\/v2\/types\/page"}],"author":[{"embeddable":true,"href":"https:\/\/dimas.adv.br\/index.php\/wp-json\/wp\/v2\/users\/1"}],"replies":[{"embeddable":true,"href":"https:\/\/dimas.adv.br\/index.php\/wp-json\/wp\/v2\/comments?post=701"}],"version-history":[{"count":0,"href":"https:\/\/dimas.adv.br\/index.php\/wp-json\/wp\/v2\/pages\/701\/revisions"}],"wp:attachment":[{"href":"https:\/\/dimas.adv.br\/index.php\/wp-json\/wp\/v2\/media?parent=701"}],"curies":[{"name":"wp","href":"https:\/\/api.w.org\/{rel}","templated":true}]}}