{"id":705,"date":"2019-08-05T20:46:36","date_gmt":"2019-08-05T23:46:36","guid":{"rendered":"https:\/\/dimas.adv.br\/?page_id=705"},"modified":"2023-02-09T16:56:15","modified_gmt":"2023-02-09T19:56:15","slug":"municipal","status":"publish","type":"page","link":"https:\/\/dimas.adv.br\/index.php\/municipal\/","title":{"rendered":"Direito Municipal e Urban\u00edstico"},"content":{"rendered":"<div>\n<p style=\"text-align: justify;\">No \u00e2mbito do Direito Municipal, o escrit\u00f3rio disp\u00f5e de profissionais habilitados para atuar prestando servi\u00e7o consultivo e contencioso junto a Prefeituras, \u00f3rg\u00e3os da Administra\u00e7\u00e3o P\u00fablica Municipal, C\u00e2maras Municipais, bem como Autarquias e Funda\u00e7\u00f5es vinculadas ao Munic\u00edpio.<\/p>\n<p style=\"text-align: justify;\">A assessoria jur\u00eddica municipal visa assessorar toda a equipe que comp\u00f5e a gest\u00e3o a fim de que o Munic\u00edpio se desenvolva dentro dos par\u00e2metros da legalidade, efici\u00eancia e transpar\u00eancia administrativa. Tal atendimento permeia por todos os ramos como o judicial, legislativo, executivo, licitat\u00f3rio e consultivo, objetivando a promo\u00e7\u00e3o do equil\u00edbrio da administra\u00e7\u00e3o p\u00fablica com o fito de manter a regularidade legal e fiscal do munic\u00edpio.<\/p>\n<p style=\"text-align: justify;\">A assessoria visa tamb\u00e9m buscar todas as solu\u00e7\u00f5es, estrat\u00e9gias e medidas preventivas, visando resguardar juridicamente os gestores municipais e sua equipe de a\u00e7\u00f5es criminais e de improbidade.<\/p>\n<\/div>\n","protected":false},"excerpt":{"rendered":"<p>No \u00e2mbito do Direito Municipal, o escrit\u00f3rio disp\u00f5e de profissionais habilitados para atuar prestando servi\u00e7o consultivo e contencioso junto a Prefeituras, \u00f3rg\u00e3os da Administra\u00e7\u00e3o P\u00fablica Municipal, C\u00e2maras Municipais, bem como Autarquias e Funda\u00e7\u00f5es vinculadas ao Munic\u00edpio. A assessoria jur\u00eddica municipal visa assessorar toda a equipe que comp\u00f5e a gest\u00e3o a fim de que o Munic\u00edpio [&hellip;]<\/p>\n","protected":false},"author":1,"featured_media":2631,"parent":0,"menu_order":0,"comment_status":"closed","ping_status":"closed","template":"","meta":{"ngg_post_thumbnail":0,"footnotes":""},"class_list":["post-705","page","type-page","status-publish","has-post-thumbnail","hentry"],"_links":{"self":[{"href":"https:\/\/dimas.adv.br\/index.php\/wp-json\/wp\/v2\/pages\/705","targetHints":{"allow":["GET"]}}],"collection":[{"href":"https:\/\/dimas.adv.br\/index.php\/wp-json\/wp\/v2\/pages"}],"about":[{"href":"https:\/\/dimas.adv.br\/index.php\/wp-json\/wp\/v2\/types\/page"}],"author":[{"embeddable":true,"href":"https:\/\/dimas.adv.br\/index.php\/wp-json\/wp\/v2\/users\/1"}],"replies":[{"embeddable":true,"href":"https:\/\/dimas.adv.br\/index.php\/wp-json\/wp\/v2\/comments?post=705"}],"version-history":[{"count":0,"href":"https:\/\/dimas.adv.br\/index.php\/wp-json\/wp\/v2\/pages\/705\/revisions"}],"wp:featuredmedia":[{"embeddable":true,"href":"https:\/\/dimas.adv.br\/index.php\/wp-json\/wp\/v2\/media\/2631"}],"wp:attachment":[{"href":"https:\/\/dimas.adv.br\/index.php\/wp-json\/wp\/v2\/media?parent=705"}],"curies":[{"name":"wp","href":"https:\/\/api.w.org\/{rel}","templated":true}]}}